{"id":857,"date":"2025-11-20T16:12:56","date_gmt":"2025-11-20T15:12:56","guid":{"rendered":"https:\/\/boschungag.ch\/?page_id=857"},"modified":"2025-12-04T14:12:59","modified_gmt":"2025-12-04T13:12:59","slug":"mentions-legales","status":"publish","type":"page","link":"https:\/\/boschungag.ch\/fr\/impressum\/","title":{"rendered":"Mentions l\u00e9gales"},"content":{"rendered":"<div data-elementor-type=\"wp-page\" data-elementor-id=\"857\" class=\"elementor elementor-857\" data-elementor-post-type=\"page\">\n\t\t\t\t<div class=\"elementor-element elementor-element-57946e4 e-flex e-con-boxed e-con e-parent\" data-id=\"57946e4\" data-element_type=\"container\" data-e-type=\"container\" data-settings=\"{&quot;jet_parallax_layout_list&quot;:[]}\">\n\t\t\t\t\t<div class=\"e-con-inner\">\n\t\t<div class=\"elementor-element elementor-element-1e160c0 e-con-full e-flex e-con e-child\" data-id=\"1e160c0\" data-element_type=\"container\" data-e-type=\"container\" data-settings=\"{&quot;jet_parallax_layout_list&quot;:[]}\">\n\t\t\t\t<div class=\"elementor-element elementor-element-57cc83f elementor-widget elementor-widget-heading\" data-id=\"57cc83f\" data-element_type=\"widget\" data-e-type=\"widget\" data-widget_type=\"heading.default\">\n\t\t\t\t\t<h2 class=\"elementor-heading-title elementor-size-default\">Adresse de contact<\/h2>\t\t\t\t<\/div>\n\t\t\t\t<div class=\"elementor-element elementor-element-502294f elementor-widget elementor-widget-text-editor\" data-id=\"502294f\" data-element_type=\"widget\" data-e-type=\"widget\" data-widget_type=\"text-editor.default\">\n\t\t\t\t\t\t\t\t\t<p>\n<b>Boschung K\u00fcchen AG<\/b>\n<\/p>\n<p>\nBahnhofstrasse 37<br>\n3185 Schmitten\n<\/p>\n<p>\n<a href=\"tel:026 497 50 00\">026 497 50 00<\/a><br>\n<a href=\"mailto:info@boschungag.ch\">info@boschungag.ch<\/a>\n<\/p>\n\t\t\t\t\t\t\t\t<\/div>\n\t\t\t\t<\/div>\n\t\t<div class=\"elementor-element elementor-element-822e055 e-con-full e-flex e-con e-child\" data-id=\"822e055\" data-element_type=\"container\" data-e-type=\"container\" data-settings=\"{&quot;jet_parallax_layout_list&quot;:[]}\">\n\t\t\t\t<div class=\"elementor-element elementor-element-f4ada7a elementor-widget elementor-widget-heading\" data-id=\"f4ada7a\" data-element_type=\"widget\" data-e-type=\"widget\" data-widget_type=\"heading.default\">\n\t\t\t\t\t<h2 class=\"elementor-heading-title elementor-size-default\">Inscription au registre du commerce\n<\/h2>\t\t\t\t<\/div>\n\t\t\t\t<div class=\"elementor-element elementor-element-6078762 elementor-widget elementor-widget-text-editor\" data-id=\"6078762\" data-element_type=\"widget\" data-e-type=\"widget\" data-widget_type=\"text-editor.default\">\n\t\t\t\t\t\t\t\t\t<p>Forme juridique : soci\u00e9t\u00e9 anonyme<br \/>Handelsregister-Nummer: CH-217.0.630.447-2<br \/>Office du registre du commerce : Canton de Fribourg<br \/>Si\u00e8ge juridique : CH- 3185 Schmitten FR<br \/>UID : CHE-102.659.699<\/p>\t\t\t\t\t\t\t\t<\/div>\n\t\t\t\t<\/div>\n\t\t<div class=\"elementor-element elementor-element-c3f3dd4 e-con-full e-flex e-con e-child\" data-id=\"c3f3dd4\" data-element_type=\"container\" data-e-type=\"container\" data-settings=\"{&quot;jet_parallax_layout_list&quot;:[]}\">\n\t\t\t\t<div class=\"elementor-element elementor-element-21dad56 elementor-widget elementor-widget-heading\" data-id=\"21dad56\" data-element_type=\"widget\" data-e-type=\"widget\" data-widget_type=\"heading.default\">\n\t\t\t\t\t<h2 class=\"elementor-heading-title elementor-size-default\">D\u00e9veloppement web, design<br> &amp; r\u00e9alisation technique<\/h2>\t\t\t\t<\/div>\n\t\t\t\t<div class=\"elementor-element elementor-element-e123200 elementor-widget elementor-widget-text-editor\" data-id=\"e123200\" data-element_type=\"widget\" data-e-type=\"widget\" data-widget_type=\"text-editor.default\">\n\t\t\t\t\t\t\t\t\t<p><strong><a href=\"https:\/\/millefeuilles.ch\/\" target=\"_blank\" rel=\"noopener\">millefeuilles ag<\/a><\/strong><\/p><p>18, rue de Bonn<br \/>3186 Guin<\/p><p><a href=\"tel:+41 26 492 53 24\">+41 26 492 53 24<\/a><br \/><a href=\"mailto:info@millefeuilles.ch\"><span id=\"eeb-206170-756256\">info@millefeuilles.ch<\/span><\/a><\/p>\t\t\t\t\t\t\t\t<\/div>\n\t\t\t\t<\/div>\n\t\t<div class=\"elementor-element elementor-element-b48077b e-con-full e-flex e-con e-child\" data-id=\"b48077b\" data-element_type=\"container\" data-e-type=\"container\" data-settings=\"{&quot;jet_parallax_layout_list&quot;:[]}\">\n\t\t\t\t<div class=\"elementor-element elementor-element-7f5c61a elementor-widget elementor-widget-heading\" data-id=\"7f5c61a\" data-element_type=\"widget\" data-e-type=\"widget\" data-widget_type=\"heading.default\">\n\t\t\t\t\t<h2 class=\"elementor-heading-title elementor-size-default\">Photographie<\/h2>\t\t\t\t<\/div>\n\t\t\t\t<div class=\"elementor-element elementor-element-4b2e530 elementor-widget elementor-widget-text-editor\" data-id=\"4b2e530\" data-element_type=\"widget\" data-e-type=\"widget\" data-widget_type=\"text-editor.default\">\n\t\t\t\t\t\t\t\t\t<p>Photo Graphique Studio<br \/>Paul F. Talman<\/p><p>Schlossstrasse 20, 3182 Ueberstorf<\/p><p><a href=\"tel:+41 31 741 37 18\">031 741 37 18<\/a><br \/><a href=\"mailto:paul.talman@bluewin.ch\">paul.talman@bluewin.ch<\/a><\/p>\t\t\t\t\t\t\t\t<\/div>\n\t\t\t\t<\/div>\n\t\t\t\t\t<\/div>\n\t\t\t\t<\/div>\n\t\t<div class=\"elementor-element elementor-element-a268d9a e-flex e-con-boxed e-con e-parent\" data-id=\"a268d9a\" data-element_type=\"container\" data-e-type=\"container\" data-settings=\"{&quot;jet_parallax_layout_list&quot;:[]}\">\n\t\t\t\t\t<div class=\"e-con-inner\">\n\t\t\t\t<div class=\"elementor-element elementor-element-e847f34 elementor-widget elementor-widget-heading\" data-id=\"e847f34\" data-element_type=\"widget\" data-e-type=\"widget\" data-widget_type=\"heading.default\">\n\t\t\t\t\t<h2 class=\"elementor-heading-title elementor-size-default\">Clause de non-responsabilit\u00e9\n<\/h2>\t\t\t\t<\/div>\n\t\t\t\t<div class=\"elementor-element elementor-element-a3357c6 elementor-widget elementor-widget-text-editor\" data-id=\"a3357c6\" data-element_type=\"widget\" data-e-type=\"widget\" data-widget_type=\"text-editor.default\">\n\t\t\t\t\t\t\t\t\t<p>Aucune garantie n'est donn\u00e9e quant \u00e0 la v\u00e9racit\u00e9, l'exactitude, l'exhaustivit\u00e9 et l'actualit\u00e9 des informations contenues dans ce site. Le contenu a \u00e9t\u00e9 r\u00e9dig\u00e9 et v\u00e9rifi\u00e9 avec soin par Boschung K\u00fcchen AG, qui d\u00e9cline toutefois toute responsabilit\u00e9 en cas de dommages mat\u00e9riels ou immat\u00e9riels r\u00e9sultant de l'utilisation des informations publi\u00e9es par ses soins. Nous d\u00e9clinons toute responsabilit\u00e9 pour les renvois et les liens qui m\u00e8nent \u00e0 des sites Internet n'appartenant pas \u00e0 Boschung Cuisines SA et dont le contenu n'est donc pas soumis \u00e0 notre responsabilit\u00e9. L'acc\u00e8s et l'utilisation se font aux risques et p\u00e9rils de l'utilisateur.<\/p>\t\t\t\t\t\t\t\t<\/div>\n\t\t\t\t<div class=\"elementor-element elementor-element-2df7cf6 elementor-widget elementor-widget-heading\" data-id=\"2df7cf6\" data-element_type=\"widget\" data-e-type=\"widget\" data-widget_type=\"heading.default\">\n\t\t\t\t\t<h2 class=\"elementor-heading-title elementor-size-default\">Droits d'auteur<\/h2>\t\t\t\t<\/div>\n\t\t\t\t<div class=\"elementor-element elementor-element-16c68ab elementor-widget elementor-widget-text-editor\" data-id=\"16c68ab\" data-element_type=\"widget\" data-e-type=\"widget\" data-widget_type=\"text-editor.default\">\n\t\t\t\t\t\t\t\t\t<p>La soci\u00e9t\u00e9 Boschung K\u00fcchen AG d\u00e9tient les droits d'auteur et tous les autres droits li\u00e9s aux contenus publi\u00e9s sur ce site.<\/p>\t\t\t\t\t\t\t\t<\/div>\n\t\t\t\t\t<\/div>\n\t\t\t\t<\/div>\n\t\t\t\t<\/div>","protected":false},"excerpt":{"rendered":"<p>Kontaktadresse Handelsregistereintrag Rechtsform: AktiengesellschaftHandelsregister-Nummer: CH-217.0.630.447-2Handelsregisteramt: Kanton FreiburgRechtlicher Sitz: CH- 3185 Schmitten FRUID: CHE-102.659.699 Webentwicklung, Design &amp; technische Umsetzung millefeuilles ag Bonnstrasse 183186 D\u00fcdingen +41 26 492 53 24info@millefeuilles.ch Fotografie Foto Grafik StudioPaul F. Talman Schlossstrasse 20, 3182 Ueberstorf 031 741 37 18paul.talman@bluewin.ch Haftungsausschluss Es besteht keine Gew\u00e4hrleistung bez\u00fcglich der inhaltlichen Richtigkeit, Genauigkeit, Vollst\u00e4ndigkeit und Aktualit\u00e4t [&hellip;]<\/p>\n","protected":false},"author":1,"featured_media":0,"parent":0,"menu_order":21,"comment_status":"closed","ping_status":"closed","template":"","meta":{"footnotes":""},"seitentyp":[19],"class_list":["post-857","page","type-page","status-publish","hentry","seitentyp-text-page"],"_links":{"self":[{"href":"https:\/\/boschungag.ch\/fr\/wp-json\/wp\/v2\/pages\/857","targetHints":{"allow":["GET"]}}],"collection":[{"href":"https:\/\/boschungag.ch\/fr\/wp-json\/wp\/v2\/pages"}],"about":[{"href":"https:\/\/boschungag.ch\/fr\/wp-json\/wp\/v2\/types\/page"}],"author":[{"embeddable":true,"href":"https:\/\/boschungag.ch\/fr\/wp-json\/wp\/v2\/users\/1"}],"replies":[{"embeddable":true,"href":"https:\/\/boschungag.ch\/fr\/wp-json\/wp\/v2\/comments?post=857"}],"version-history":[{"count":43,"href":"https:\/\/boschungag.ch\/fr\/wp-json\/wp\/v2\/pages\/857\/revisions"}],"predecessor-version":[{"id":1954,"href":"https:\/\/boschungag.ch\/fr\/wp-json\/wp\/v2\/pages\/857\/revisions\/1954"}],"wp:attachment":[{"href":"https:\/\/boschungag.ch\/fr\/wp-json\/wp\/v2\/media?parent=857"}],"wp:term":[{"taxonomy":"seitentyp","embeddable":true,"href":"https:\/\/boschungag.ch\/fr\/wp-json\/wp\/v2\/seitentyp?post=857"}],"curies":[{"name":"wp","href":"https:\/\/api.w.org\/{rel}","templated":true}]}}