{"id":845,"date":"2025-11-20T16:06:34","date_gmt":"2025-11-20T15:06:34","guid":{"rendered":"https:\/\/boschungag.ch\/?page_id=845"},"modified":"2026-01-26T10:13:06","modified_gmt":"2026-01-26T09:13:06","slug":"meubles-separateurs-de-pieces-personnalises","status":"publish","type":"page","link":"https:\/\/boschungag.ch\/fr\/moebel-nach-mass\/individuelle-moebel-raumteiler\/","title":{"rendered":"Meubles personnalis\u00e9s &amp; s\u00e9parations de pi\u00e8ces"},"content":{"rendered":"","protected":false},"excerpt":{"rendered":"","protected":false},"author":1,"featured_media":2885,"parent":36,"menu_order":12,"comment_status":"closed","ping_status":"closed","template":"","meta":{"footnotes":""},"seitentyp":[16],"class_list":["post-845","page","type-page","status-publish","has-post-thumbnail","hentry","seitentyp-landing-page"],"_links":{"self":[{"href":"https:\/\/boschungag.ch\/fr\/wp-json\/wp\/v2\/pages\/845","targetHints":{"allow":["GET"]}}],"collection":[{"href":"https:\/\/boschungag.ch\/fr\/wp-json\/wp\/v2\/pages"}],"about":[{"href":"https:\/\/boschungag.ch\/fr\/wp-json\/wp\/v2\/types\/page"}],"author":[{"embeddable":true,"href":"https:\/\/boschungag.ch\/fr\/wp-json\/wp\/v2\/users\/1"}],"replies":[{"embeddable":true,"href":"https:\/\/boschungag.ch\/fr\/wp-json\/wp\/v2\/comments?post=845"}],"version-history":[{"count":1,"href":"https:\/\/boschungag.ch\/fr\/wp-json\/wp\/v2\/pages\/845\/revisions"}],"predecessor-version":[{"id":846,"href":"https:\/\/boschungag.ch\/fr\/wp-json\/wp\/v2\/pages\/845\/revisions\/846"}],"up":[{"embeddable":true,"href":"https:\/\/boschungag.ch\/fr\/wp-json\/wp\/v2\/pages\/36"}],"wp:featuredmedia":[{"embeddable":true,"href":"https:\/\/boschungag.ch\/fr\/wp-json\/wp\/v2\/media\/2885"}],"wp:attachment":[{"href":"https:\/\/boschungag.ch\/fr\/wp-json\/wp\/v2\/media?parent=845"}],"wp:term":[{"taxonomy":"seitentyp","embeddable":true,"href":"https:\/\/boschungag.ch\/fr\/wp-json\/wp\/v2\/seitentyp?post=845"}],"curies":[{"name":"wp","href":"https:\/\/api.w.org\/{rel}","templated":true}]}}